{"id":2809,"date":"2026-02-14T15:26:24","date_gmt":"2026-02-14T15:26:24","guid":{"rendered":"https:\/\/palagenix.com\/?page_id=2809"},"modified":"2026-02-20T08:08:10","modified_gmt":"2026-02-20T08:08:10","slug":"faqs","status":"publish","type":"page","link":"https:\/\/palagenix.com\/pt\/faqs\/","title":{"rendered":"Perguntas frequentes"},"content":{"rendered":"<div class=\"wp-block-group is-layout-constrained wp-container-core-group-is-layout-9468dbe8 wp-block-group-is-layout-constrained\" style=\"margin-top:0;margin-bottom:0;padding-top:80px;padding-right:26px;padding-bottom:80px;padding-left:26px\">\n<div class=\"wp-block-columns is-layout-flex wp-container-core-columns-is-layout-9e1dab88 wp-block-columns-is-layout-flex\">\n<div class=\"wp-block-column is-content-justification-left is-layout-constrained wp-container-core-column-is-layout-eff2e599 wp-block-column-is-layout-constrained\" style=\"flex-basis:37%\">\n<p class=\"has-text-color has-link-color wp-elements-1009eeb773103d83e58a533b347d24a2\" style=\"color:#121205\">\nPerguntas frequentes<\/p>\n\n\n\n<h2 class=\"wp-block-heading has-text-align-left has-text-color has-link-color has-giga-font-size wp-elements-32c3811b8739cc9244bdfc91b2e3fa68\" style=\"color:#121205;margin-top:24px;font-style:normal;font-weight:400\">Perguntas mais frequentes<\/h2>\n\n\n\n<div class=\"wp-block-buttons is-content-justification-left is-layout-flex wp-container-core-buttons-is-layout-198e5d4f wp-block-buttons-is-layout-flex\" style=\"margin-top:34px\">\n<div class=\"wp-block-button is-style-xperio-button-arrow\"><a class=\"wp-block-button__link has-heading-color-color has-transparent-background-color has-text-color has-background has-link-color has-border-color wp-element-button\" href=\"https:\/\/palagenix.com\/pt\/contact-us\/\" style=\"border-color:#3e3f3c87;border-width:1px;border-top-left-radius:100px;border-top-right-radius:100px;border-bottom-left-radius:100px;border-bottom-right-radius:100px;font-style:normal;font-weight:500\">\nContate-nos<\/a><\/div>\n<\/div>\n<\/div>\n\n\n\n<div class=\"wp-block-column is-layout-flow wp-container-core-column-is-layout-8a368f38 wp-block-column-is-layout-flow\">\n<div data-wp-context=\"{ &quot;autoclose&quot;: false, &quot;accordionItems&quot;: [] }\" data-wp-interactive=\"core\/accordion\" role=\"group\" class=\"wp-block-accordion is-layout-flow wp-block-accordion-is-layout-flow\">\n<div data-wp-class--is-open=\"state.isOpen\" data-wp-context=\"{ &quot;id&quot;: &quot;accordion-item-1&quot;, &quot;openByDefault&quot;: true }\" data-wp-init=\"callbacks.initAccordionItems\" data-wp-on-window--hashchange=\"callbacks.hashChange\" class=\"wp-block-accordion-item is-open is-layout-flow wp-container-core-accordion-item-is-layout-7c43e52d wp-block-accordion-item-is-layout-flow\" style=\"border-bottom-color:var(--wp--preset--color--border-color);border-bottom-style:solid;border-bottom-width:1px;margin-top:0;margin-bottom:0\">\n<h3 class=\"wp-block-accordion-heading has-x-large-font-size\"><button aria-expanded=\"true\" aria-controls=\"accordion-item-1-panel\" data-wp-bind--aria-expanded=\"state.isOpen\" data-wp-on--click=\"actions.toggle\" data-wp-on--keydown=\"actions.handleKeyDown\" id=\"accordion-item-1\" type=\"button\" class=\"wp-block-accordion-heading__toggle\" style=\"padding-top:0;padding-bottom:20px\"><span class=\"wp-block-accordion-heading__toggle-title\">O que est\u00e1 inclu\u00eddo quando trabalhamos consigo?<\/span><span class=\"wp-block-accordion-heading__toggle-icon\" aria-hidden=\"true\">+<\/span><\/button><\/h3>\n\n\n\n<div aria-labelledby=\"accordion-item-1\" data-wp-bind--inert=\"!state.isOpen\" id=\"accordion-item-1-panel\" role=\"region\" class=\"wp-block-accordion-panel is-layout-flow wp-container-core-accordion-panel-is-layout-0f862720 wp-block-accordion-panel-is-layout-flow\" style=\"padding-top:0;padding-bottom:24px\">\n<p>Podemos elaborar partes espec\u00edficas de um plano de marketing e tecnologia ou gerir o seu projeto desde a conce\u00e7\u00e3o at\u00e9 \u00e0 execu\u00e7\u00e3o, criando a sua marca, desenvolvendo websites, lan\u00e7ando aplica\u00e7\u00f5es, configurando e mantendo automatiza\u00e7\u00f5es de marketing e listas de e-mail, bem como a gest\u00e3o das suas atualiza\u00e7\u00f5es di\u00e1rias e semanais.<\/p>\n<\/div>\n<\/div>\n\n\n\n<div data-wp-class--is-open=\"state.isOpen\" data-wp-context=\"{ &quot;id&quot;: &quot;accordion-item-2&quot;, &quot;openByDefault&quot;: false }\" data-wp-init=\"callbacks.initAccordionItems\" data-wp-on-window--hashchange=\"callbacks.hashChange\" class=\"wp-block-accordion-item is-layout-flow wp-container-core-accordion-item-is-layout-addd039b wp-block-accordion-item-is-layout-flow\" style=\"border-bottom-color:var(--wp--preset--color--border-color);border-bottom-style:solid;border-bottom-width:1px;margin-top:20px;margin-bottom:0\">\n<h3 class=\"wp-block-accordion-heading has-x-large-font-size\"><button aria-expanded=\"false\" aria-controls=\"accordion-item-2-panel\" data-wp-bind--aria-expanded=\"state.isOpen\" data-wp-on--click=\"actions.toggle\" data-wp-on--keydown=\"actions.handleKeyDown\" id=\"accordion-item-2\" type=\"button\" class=\"wp-block-accordion-heading__toggle\" style=\"padding-top:0;padding-bottom:20px\"><span class=\"wp-block-accordion-heading__toggle-title\">O meu staff precisa de ter conhecimentos de programa\u00e7\u00e3o para usar o nosso site?<\/span><span class=\"wp-block-accordion-heading__toggle-icon\" aria-hidden=\"true\">+<\/span><\/button><\/h3>\n\n\n\n<div inert aria-labelledby=\"accordion-item-2\" data-wp-bind--inert=\"!state.isOpen\" id=\"accordion-item-2-panel\" role=\"region\" class=\"wp-block-accordion-panel is-layout-flow wp-container-core-accordion-panel-is-layout-0f862720 wp-block-accordion-panel-is-layout-flow\" style=\"padding-top:0;padding-bottom:24px\">\n<p>N\u00e3o. Tratamos da gest\u00e3o do seu website e redes sociais, ou formamos a sua equipa para usar interfaces n\u00e3o t\u00e9cnicas para realizar atualiza\u00e7\u00f5es.<\/p>\n<\/div>\n<\/div>\n\n\n\n<div data-wp-class--is-open=\"state.isOpen\" data-wp-context=\"{ &quot;id&quot;: &quot;accordion-item-3&quot;, &quot;openByDefault&quot;: false }\" data-wp-init=\"callbacks.initAccordionItems\" data-wp-on-window--hashchange=\"callbacks.hashChange\" class=\"wp-block-accordion-item is-layout-flow wp-container-core-accordion-item-is-layout-addd039b wp-block-accordion-item-is-layout-flow\" style=\"border-bottom-color:var(--wp--preset--color--border-color);border-bottom-style:solid;border-bottom-width:1px;margin-top:20px;margin-bottom:0\">\n<h3 class=\"wp-block-accordion-heading has-x-large-font-size\"><button aria-expanded=\"false\" aria-controls=\"accordion-item-3-panel\" data-wp-bind--aria-expanded=\"state.isOpen\" data-wp-on--click=\"actions.toggle\" data-wp-on--keydown=\"actions.handleKeyDown\" id=\"accordion-item-3\" type=\"button\" class=\"wp-block-accordion-heading__toggle\" style=\"padding-top:0;padding-bottom:20px\"><span class=\"wp-block-accordion-heading__toggle-title\">O que faz exatamente a Palagenix pelo meu clube ou empresa?<\/span><span class=\"wp-block-accordion-heading__toggle-icon\" aria-hidden=\"true\">+<\/span><\/button><\/h3>\n\n\n\n<div inert aria-labelledby=\"accordion-item-3\" data-wp-bind--inert=\"!state.isOpen\" id=\"accordion-item-3-panel\" role=\"region\" class=\"wp-block-accordion-panel is-layout-flow wp-container-core-accordion-panel-is-layout-0f862720 wp-block-accordion-panel-is-layout-flow\" style=\"padding-top:0;padding-bottom:24px\">\n<p>Modernizamos a presen\u00e7a digital do seu clube automatizando atualiza\u00e7\u00f5es de conte\u00fados, gerindo registos de membros e criando plataformas profissionais que atraem patrocinadores.<\/p>\n<\/div>\n<\/div>\n\n\n\n<div data-wp-class--is-open=\"state.isOpen\" data-wp-context=\"{ &quot;id&quot;: &quot;accordion-item-4&quot;, &quot;openByDefault&quot;: false }\" data-wp-init=\"callbacks.initAccordionItems\" data-wp-on-window--hashchange=\"callbacks.hashChange\" class=\"wp-block-accordion-item is-layout-flow wp-container-core-accordion-item-is-layout-addd039b wp-block-accordion-item-is-layout-flow\" style=\"border-bottom-color:var(--wp--preset--color--border-color);border-bottom-style:solid;border-bottom-width:1px;margin-top:20px;margin-bottom:0\">\n<h3 class=\"wp-block-accordion-heading has-x-large-font-size\"><button aria-expanded=\"false\" aria-controls=\"accordion-item-4-panel\" data-wp-bind--aria-expanded=\"state.isOpen\" data-wp-on--click=\"actions.toggle\" data-wp-on--keydown=\"actions.handleKeyDown\" id=\"accordion-item-4\" type=\"button\" class=\"wp-block-accordion-heading__toggle\" style=\"padding-top:0;padding-bottom:20px\"><span class=\"wp-block-accordion-heading__toggle-title\">Que tipo de apoio oferecem?<\/span><span class=\"wp-block-accordion-heading__toggle-icon\" aria-hidden=\"true\">+<\/span><\/button><\/h3>\n\n\n\n<div inert aria-labelledby=\"accordion-item-4\" data-wp-bind--inert=\"!state.isOpen\" id=\"accordion-item-4-panel\" role=\"region\" class=\"wp-block-accordion-panel is-layout-flow wp-container-core-accordion-panel-is-layout-0f862720 wp-block-accordion-panel-is-layout-flow\" style=\"padding-top:0;padding-bottom:24px\">\n<p>Depende do que precisa. Podemos estar de servi\u00e7o para atualiza\u00e7\u00f5es e d\u00favidas ocasionais ou atuar como a sua principal equipa de marketing e tecnologia.<\/p>\n<\/div>\n<\/div>\n\n\n\n<div data-wp-class--is-open=\"state.isOpen\" data-wp-context=\"{ &quot;id&quot;: &quot;accordion-item-5&quot;, &quot;openByDefault&quot;: false }\" data-wp-init=\"callbacks.initAccordionItems\" data-wp-on-window--hashchange=\"callbacks.hashChange\" class=\"wp-block-accordion-item is-layout-flow wp-container-core-accordion-item-is-layout-addd039b wp-block-accordion-item-is-layout-flow\" style=\"border-bottom-color:var(--wp--preset--color--border-color);border-bottom-style:solid;border-bottom-width:1px;margin-top:20px;margin-bottom:0\">\n<h3 class=\"wp-block-accordion-heading has-x-large-font-size\"><button aria-expanded=\"false\" aria-controls=\"accordion-item-5-panel\" data-wp-bind--aria-expanded=\"state.isOpen\" data-wp-on--click=\"actions.toggle\" data-wp-on--keydown=\"actions.handleKeyDown\" id=\"accordion-item-5\" type=\"button\" class=\"wp-block-accordion-heading__toggle\" style=\"padding-top:0;padding-bottom:20px\"><span class=\"wp-block-accordion-heading__toggle-title\">Pago taxas mensais cont\u00ednuas?<\/span><span class=\"wp-block-accordion-heading__toggle-icon\" aria-hidden=\"true\">+<\/span><\/button><\/h3>\n\n\n\n<div inert aria-labelledby=\"accordion-item-5\" data-wp-bind--inert=\"!state.isOpen\" id=\"accordion-item-5-panel\" role=\"region\" class=\"wp-block-accordion-panel is-layout-flow wp-container-core-accordion-panel-is-layout-0f862720 wp-block-accordion-panel-is-layout-flow\" style=\"padding-top:0;padding-bottom:24px\">\n<p>Tudo est\u00e1 inclu\u00eddo no pre\u00e7o inicial. N\u00e3o existem taxas mensais ocultas ou altera\u00e7\u00f5es de pre\u00e7os.<\/p>\n<\/div>\n<\/div>\n<\/div>\n<\/div>\n<\/div>\n<\/div>","protected":false},"excerpt":{"rendered":"<p>FAQs Frequently Asked Questions<\/p>","protected":false},"author":1,"featured_media":0,"parent":0,"menu_order":0,"comment_status":"closed","ping_status":"closed","template":"","meta":{"om_disable_all_campaigns":false,"_uag_custom_page_level_css":"","_monsterinsights_skip_tracking":false,"_monsterinsights_sitenote_active":false,"_monsterinsights_sitenote_note":"","_monsterinsights_sitenote_category":0,"footnotes":""},"class_list":["post-2809","page","type-page","status-publish","hentry"],"aioseo_notices":[],"_hostinger_reach_plugin_has_subscription_block":false,"_hostinger_reach_plugin_is_elementor":false,"uagb_featured_image_src":{"full":false,"thumbnail":false,"medium":false,"medium_large":false,"large":false,"1536x1536":false,"2048x2048":false,"trp-custom-language-flag":false},"uagb_author_info":{"display_name":"techspats@gmail.com","author_link":"https:\/\/palagenix.com\/pt\/author\/techspatsgmail-com\/"},"uagb_comment_info":0,"uagb_excerpt":"FAQs Frequently Asked Questions","_links":{"self":[{"href":"https:\/\/palagenix.com\/pt\/wp-json\/wp\/v2\/pages\/2809","targetHints":{"allow":["GET"]}}],"collection":[{"href":"https:\/\/palagenix.com\/pt\/wp-json\/wp\/v2\/pages"}],"about":[{"href":"https:\/\/palagenix.com\/pt\/wp-json\/wp\/v2\/types\/page"}],"author":[{"embeddable":true,"href":"https:\/\/palagenix.com\/pt\/wp-json\/wp\/v2\/users\/1"}],"replies":[{"embeddable":true,"href":"https:\/\/palagenix.com\/pt\/wp-json\/wp\/v2\/comments?post=2809"}],"version-history":[{"count":4,"href":"https:\/\/palagenix.com\/pt\/wp-json\/wp\/v2\/pages\/2809\/revisions"}],"predecessor-version":[{"id":3029,"href":"https:\/\/palagenix.com\/pt\/wp-json\/wp\/v2\/pages\/2809\/revisions\/3029"}],"wp:attachment":[{"href":"https:\/\/palagenix.com\/pt\/wp-json\/wp\/v2\/media?parent=2809"}],"curies":[{"name":"wp","href":"https:\/\/api.w.org\/{rel}","templated":true}]}}